{"id":9,"date":"2026-03-17T13:49:23","date_gmt":"2026-03-17T13:49:23","guid":{"rendered":"https:\/\/bilverkstad.services\/?page_id=9"},"modified":"2026-04-04T01:59:09","modified_gmt":"2026-04-03T23:59:09","slug":"hem","status":"publish","type":"page","link":"https:\/\/bilverkstad.services\/","title":{"rendered":"Hem"},"content":{"rendered":"\t\t<div data-elementor-type=\"wp-page\" data-elementor-id=\"9\" class=\"elementor elementor-9\" data-elementor-post-type=\"page\">\n\t\t\t\t<div class=\"elementor-element elementor-element-f670272 e-flex e-con-boxed e-con e-parent\" data-id=\"f670272\" data-element_type=\"container\" data-e-type=\"container\" data-settings=\"{&quot;background_background&quot;:&quot;slideshow&quot;,&quot;background_slideshow_gallery&quot;:[{&quot;id&quot;:55,&quot;url&quot;:&quot;https:\\\/\\\/bilverkstad.services\\\/wp-content\\\/uploads\\\/2026\\\/03\\\/bb_Artboard-5-copy-2.webp&quot;},{&quot;id&quot;:56,&quot;url&quot;:&quot;https:\\\/\\\/bilverkstad.services\\\/wp-content\\\/uploads\\\/2026\\\/03\\\/bb_Artboard-6-copy.webp&quot;},{&quot;id&quot;:58,&quot;url&quot;:&quot;https:\\\/\\\/bilverkstad.services\\\/wp-content\\\/uploads\\\/2026\\\/03\\\/bb_Artboard-6-copy-3.webp&quot;},{&quot;id&quot;:59,&quot;url&quot;:&quot;https:\\\/\\\/bilverkstad.services\\\/wp-content\\\/uploads\\\/2026\\\/03\\\/bb_Artboard-6-copy-4.webp&quot;}],&quot;background_slideshow_loop&quot;:&quot;yes&quot;,&quot;background_slideshow_slide_duration&quot;:5000,&quot;background_slideshow_slide_transition&quot;:&quot;fade&quot;,&quot;background_slideshow_transition_duration&quot;:500}\">\n\t\t\t\t\t<div class=\"e-con-inner\">\n\t\t\t\t<div class=\"elementor-element elementor-element-f4d4db6 e-con e-atomic-element e-flexbox-base e-f4d4db6-bf2faa4\" data-id=\"f4d4db6\" data-element_type=\"e-flexbox\" data-e-type=\"e-flexbox\" data-interaction-id=\"f4d4db6\" data-e-type=\"e-flexbox\" data-id=\"f4d4db6\">\n\t\t\t\t<div class=\"elementor-element elementor-element-5f83d3f elementor-widget elementor-widget-heading\" data-id=\"5f83d3f\" data-element_type=\"widget\" data-e-type=\"widget\" data-widget_type=\"heading.default\">\n\t\t\t\t\t<h1 class=\"elementor-heading-title elementor-size-default\">Boka tid online<\/h1>\t\t\t\t<\/div>\n\t\t\t\t<div class=\"elementor-element elementor-element-012ac41 elementor-widget elementor-widget-text-editor\" data-id=\"012ac41\" data-element_type=\"widget\" data-e-type=\"widget\" data-widget_type=\"text-editor.default\">\n\t\t\t\t\t\t\t\t\t<p>Hos oss p\u00e5 Bilverkstad.services kan du boka tid online via din dator eller smartphone. Det inneb\u00e4r att du via v\u00e5r online bokning sj\u00e4lv kan v\u00e4lja den tid som passar dig b\u00e4st!<\/p><p><span style=\"font-family: inherit; font-size: inherit; font-style: inherit; font-variant-ligatures: inherit; font-variant-caps: inherit; font-weight: inherit;\">Om du mot f\u00f6rmodan inte skulle hitta en tid som passar dig i v\u00e5r onlinebokning s\u00e5 g\u00e5r det givetvis ocks\u00e5 bra att boka tid per telefon. D\u00e5 ringer du f\u00f6ljande nummer: 07xxxxxxx<\/span><\/p>\t\t\t\t\t\t\t\t<\/div>\n\t\t\t\t<div class=\"elementor-element elementor-element-f0c3c42 elementor-widget elementor-widget-shortcode\" data-id=\"f0c3c42\" data-element_type=\"widget\" data-e-type=\"widget\" data-widget_type=\"shortcode.default\">\n\t\t\t\t\t\t\t<div class=\"elementor-shortcode\"><div class=\"latepoint-book-form-wrapper os-loading os_init_booking_form\" id=\"latepointBookForm_69d312a4ab8e6\" >\n\t\t\t\t\t\t<div class=\"latepoint-w latepoint-inline-form latepoint-show-side-panel\">\n\t\t\t\t\t\t\t<div class=\"latepoint-booking-form-element\">\n\t\t\t\t\t\t\t\t<div class=\"latepoint-side-panel\"><\/div>\n\t\t\t\t\t\t\t\t<div class=\"latepoint-form-w\"><\/div>\n\t\t\t\t\t\t\t<\/div>\n\t\t\t\t\t\t<\/div>\n\t\t\t\t\t<\/div><\/div>\n\t\t\t\t\t\t<\/div>\n\t\t\t\t<\/div>\n\t\t\t\t\t<\/div>\n\t\t\t\t<\/div>\n\t\t\t\t<\/div>\n\t\t","protected":false},"excerpt":{"rendered":"<p>Boka tid online Hos oss p\u00e5 Bilverkstad.services kan du boka tid online via din dator eller smartphone. Det inneb\u00e4r att du via v\u00e5r online bokning sj\u00e4lv kan v\u00e4lja den tid som passar dig b\u00e4st! Om du mot f\u00f6rmodan inte skulle hitta en tid som passar dig i v\u00e5r onlinebokning s\u00e5 g\u00e5r det givetvis ocks\u00e5 bra [&hellip;]<\/p>\n","protected":false},"author":1,"featured_media":0,"parent":0,"menu_order":0,"comment_status":"closed","ping_status":"closed","template":"elementor_theme","meta":{"footnotes":""},"class_list":["post-9","page","type-page","status-publish","hentry"],"blocksy_meta":[],"_links":{"self":[{"href":"https:\/\/bilverkstad.services\/index.php\/wp-json\/wp\/v2\/pages\/9","targetHints":{"allow":["GET"]}}],"collection":[{"href":"https:\/\/bilverkstad.services\/index.php\/wp-json\/wp\/v2\/pages"}],"about":[{"href":"https:\/\/bilverkstad.services\/index.php\/wp-json\/wp\/v2\/types\/page"}],"author":[{"embeddable":true,"href":"https:\/\/bilverkstad.services\/index.php\/wp-json\/wp\/v2\/users\/1"}],"replies":[{"embeddable":true,"href":"https:\/\/bilverkstad.services\/index.php\/wp-json\/wp\/v2\/comments?post=9"}],"version-history":[{"count":21,"href":"https:\/\/bilverkstad.services\/index.php\/wp-json\/wp\/v2\/pages\/9\/revisions"}],"predecessor-version":[{"id":1382,"href":"https:\/\/bilverkstad.services\/index.php\/wp-json\/wp\/v2\/pages\/9\/revisions\/1382"}],"wp:attachment":[{"href":"https:\/\/bilverkstad.services\/index.php\/wp-json\/wp\/v2\/media?parent=9"}],"curies":[{"name":"wp","href":"https:\/\/api.w.org\/{rel}","templated":true}]}}